{"id":1302,"date":"2025-03-15T22:55:13","date_gmt":"2025-03-15T22:55:13","guid":{"rendered":"https:\/\/www.petracetin.cz\/?page_id=1302"},"modified":"2025-03-16T01:30:37","modified_gmt":"2025-03-16T01:30:37","slug":"pribehy-meni-hru","status":"publish","type":"page","link":"https:\/\/www.petracetin.cz\/","title":{"rendered":""},"content":{"rendered":"\t\t<div data-elementor-type=\"wp-page\" data-elementor-id=\"1302\" class=\"elementor elementor-1302\" data-elementor-post-type=\"page\">\n\t\t\t\t<div class=\"elementor-element elementor-element-4933bad e-flex e-con-boxed e-con e-parent\" data-id=\"4933bad\" data-element_type=\"container\">\n\t\t\t\t\t<div class=\"e-con-inner\">\n\t\t\t\t<div class=\"elementor-element elementor-element-7be1f19 elementor-widget elementor-widget-heading\" data-id=\"7be1f19\" data-element_type=\"widget\" data-widget_type=\"heading.default\">\n\t\t\t\t<div class=\"elementor-widget-container\">\n\t\t\t\t\t<h2 class=\"elementor-heading-title elementor-size-default\">P\u0159\u00edb\u011bhy m\u011bn\u00ed hru<\/h2>\t\t\t\t<\/div>\n\t\t\t\t<\/div>\n\t\t\t\t<div class=\"elementor-element elementor-element-643a46e elementor-widget elementor-widget-text-editor\" data-id=\"643a46e\" data-element_type=\"widget\" data-widget_type=\"text-editor.default\">\n\t\t\t\t<div class=\"elementor-widget-container\">\n\t\t\t\t\t\t\t\t\t<p data-pm-slice=\"1 1 []\"><strong>Lid\u00e9 nekupuj\u00ed produkty. Kupuj\u00ed p\u0159\u00edb\u011bhy.<\/strong> To, co \u0159\u00edk\u00e1\u0161 a jak to \u0159\u00edk\u00e1\u0161, rozhoduje o tom, jestli si t\u011b z\u00e1kazn\u00edk zapamatuje, jestli s tebou nav\u00e1\u017ee vztah a hlavn\u011b \u2013 jestli si od tebe koup\u00ed. Storytelling je nejmocn\u011bj\u0161\u00ed n\u00e1stroj, jak budovat <strong>d\u016fv\u011bru, p\u0159ita\u017elivost a dlouhodob\u00e9 vztahy<\/strong>. \u017d\u00e1dn\u00e9 nucen\u00e9 prodejn\u00ed skripty, \u017e\u00e1dn\u00e9 tla\u010den\u00ed na pilu. Jen ty, tv\u016fj autentick\u00fd p\u0159\u00edb\u011bh a p\u0159irozen\u00e1 komunikace, kter\u00e1 prod\u00e1v\u00e1 sama od sebe.<\/p><p><span style=\"font-weight: 400;\">Poj\u010fme spolu naj\u00edt tv\u016fj p\u0159\u00edb\u011bh a uk\u00e1zat ho sv\u011btu.<\/span><\/p>\t\t\t\t\t\t\t\t<\/div>\n\t\t\t\t<\/div>\n\t\t\t\t<div class=\"elementor-element elementor-element-29e7962 elementor-align-center elementor-widget elementor-widget-button\" data-id=\"29e7962\" data-element_type=\"widget\" data-widget_type=\"button.default\">\n\t\t\t\t<div class=\"elementor-widget-container\">\n\t\t\t\t\t\t\t\t\t<div class=\"elementor-button-wrapper\">\n\t\t\t\t\t<a class=\"elementor-button elementor-button-link elementor-size-sm\" href=\"#\">\n\t\t\t\t\t\t<span class=\"elementor-button-content-wrapper\">\n\t\t\t\t\t\t\t\t\t<span class=\"elementor-button-text\">To beru<\/span>\n\t\t\t\t\t<\/span>\n\t\t\t\t\t<\/a>\n\t\t\t\t<\/div>\n\t\t\t\t\t\t\t\t<\/div>\n\t\t\t\t<\/div>\n\t\t\t\t<div class=\"elementor-element elementor-element-cffd7f7 elementor-widget elementor-widget-heading\" data-id=\"cffd7f7\" data-element_type=\"widget\" data-widget_type=\"heading.default\">\n\t\t\t\t<div class=\"elementor-widget-container\">\n\t\t\t\t\t<h2 class=\"elementor-heading-title elementor-size-default\">Kdo jsem a pro\u010d chci, abys um\u011bl\/a dob\u0159e vypr\u00e1v\u011bt?<\/h2>\t\t\t\t<\/div>\n\t\t\t\t<\/div>\n\t\t\t\t<div class=\"elementor-element elementor-element-136fccb elementor-widget elementor-widget-text-editor\" data-id=\"136fccb\" data-element_type=\"widget\" data-widget_type=\"text-editor.default\">\n\t\t\t\t<div class=\"elementor-widget-container\">\n\t\t\t\t\t\t\t\t\t<p><span style=\"font-weight: 400;\">Jsem <\/span><b>Petra\u00a0<\/b>a vybudovala jsem sv\u00e9 podnik\u00e1n\u00ed v nejv\u00edc nen\u00e1vid\u011bn\u00e9m byznysu na sv\u011bt\u011b &#8211; v multilevelu.\u00a0<\/p><p>To je ten, kter\u00e9ho se naprost\u00e1 v\u011bt\u0161ina lid\u00ed \u0161t\u00edt\u00ed a o kter\u00e9m rad\u011bji nechce nic sly\u0161et a budou p\u0159ed V\u00e1mi ut\u00edkat, kdy\u017e se o n\u011bm zm\u00edn\u00edte. Co\u017e je bohu\u017eel pravda pro v\u011bt\u0161inu mlm lid\u00ed.\u00a0<\/p><p>Jak se mi tedy povedlo, \u017ee u m\u011b a m\u00e9ho t\u00fdmu to bylo jinak a <strong>lid\u00e9 za n\u00e1mi SAMI p\u0159ich\u00e1zeli<\/strong> a cht\u011bli se p\u0159ipojit?<\/p><p>Proto\u017ee jsem pochopila, jak vypr\u00e1v\u011bt p\u0159\u00edb\u011bhy, co\u017e se uk\u00e1zalo b\u00fdt jako naprosto kouzeln\u00e1 dovednost.\u00a0<strong>Dovednost, kterou se m\u016f\u017ee\u0161 nau\u010dit i Ty.\u00a0<\/strong><\/p><p><b>Abys u\u017e nikdy nemusel\/a tla\u010dit na prodej <\/b>a odpuzovat si tak zbyte\u010dn\u011b z\u00e1kazn\u00edky.\u00a0<\/p><p>Proto\u017ee lid\u00e9 sice MILUJ\u00cd nakupov\u00e1n\u00ed, ale NESN\u00c1\u0160\u00cd, kdy\u017e jim n\u011bkdo n\u011bco prod\u00e1v\u00e1.\u00a0<\/p><p><span style=\"font-weight: 400;\">A pr\u00e1v\u011b tady p\u0159ich\u00e1z\u00ed na \u0159adu storytelling. A\u0165 u\u017e chce\u0161 <\/span><b>prod\u00e1vat, budovat zna\u010dku nebo m\u011bnit sv\u011bt<\/b><span style=\"font-weight: 400;\">, uk\u00e1\u017eu ti, jak na to.<\/span><\/p><p><span style=\"font-weight: 400;\">Nejde o \u017e\u00e1dn\u00e9 vymy\u0161len\u00e9 sc\u00e9n\u00e1\u0159e. <\/span><b>Tvoje vlastn\u00ed zku\u0161enosti, emoce a autenticita<\/b><span style=\"font-weight: 400;\"> jsou t\u00edm nejcenn\u011bj\u0161\u00edm, co m\u016f\u017ee\u0161 sv\u011btu nab\u00eddnout. Nau\u010d\u00edm t\u011b, jak je vyu\u017e\u00edt tak, aby ti pomohly r\u016fst.<\/span><\/p><p><span style=\"font-weight: 400;\">Poj\u010fme spolu naj\u00edt tv\u016fj p\u0159\u00edb\u011bh a uk\u00e1zat ho sv\u011btu.<\/span><\/p>\t\t\t\t\t\t\t\t<\/div>\n\t\t\t\t<\/div>\n\t\t\t\t<div class=\"elementor-element elementor-element-398c063 elementor-align-center elementor-widget elementor-widget-button\" data-id=\"398c063\" data-element_type=\"widget\" data-widget_type=\"button.default\">\n\t\t\t\t<div class=\"elementor-widget-container\">\n\t\t\t\t\t\t\t\t\t<div class=\"elementor-button-wrapper\">\n\t\t\t\t\t<a class=\"elementor-button elementor-button-link elementor-size-sm\" href=\"#\">\n\t\t\t\t\t\t<span class=\"elementor-button-content-wrapper\">\n\t\t\t\t\t\t\t\t\t<span class=\"elementor-button-text\">To p\u0159esn\u011b pot\u0159ebuju<\/span>\n\t\t\t\t\t<\/span>\n\t\t\t\t\t<\/a>\n\t\t\t\t<\/div>\n\t\t\t\t\t\t\t\t<\/div>\n\t\t\t\t<\/div>\n\t\t\t\t\t<\/div>\n\t\t\t\t<\/div>\n\t\t\t\t<\/div>\n\t\t","protected":false},"excerpt":{"rendered":"<p>P\u0159\u00edb\u011bhy m\u011bn\u00ed hru Lid\u00e9 nekupuj\u00ed produkty. Kupuj\u00ed p\u0159\u00edb\u011bhy. To, co \u0159\u00edk\u00e1\u0161 a jak to \u0159\u00edk\u00e1\u0161, rozhoduje o tom, jestli si t\u011b z\u00e1kazn\u00edk zapamatuje, jestli s tebou nav\u00e1\u017ee vztah a hlavn\u011b \u2013 jestli si od tebe koup\u00ed. Storytelling je nejmocn\u011bj\u0161\u00ed n\u00e1stroj, jak budovat d\u016fv\u011bru, p\u0159ita\u017elivost a dlouhodob\u00e9 vztahy. \u017d\u00e1dn\u00e9 nucen\u00e9 prodejn\u00ed skripty, \u017e\u00e1dn\u00e9 tla\u010den\u00ed na pilu. [&hellip;]<\/p>\n","protected":false},"author":3,"featured_media":0,"parent":0,"menu_order":0,"comment_status":"closed","ping_status":"closed","template":"","meta":{"footnotes":""},"class_list":["post-1302","page","type-page","status-publish","hentry"],"yoast_head":"<!-- This site is optimized with the Yoast SEO plugin v26.8 - https:\/\/yoast.com\/product\/yoast-seo-wordpress\/ -->\n<title>- Petra \u00c7etin<\/title>\n<meta name=\"description\" content=\"Objev s\u00edlu storytellingu! Nau\u010d se vypr\u00e1v\u011bt p\u0159\u00edb\u011bhy, kter\u00e9 buduj\u00ed d\u016fv\u011bru, p\u0159itahuj\u00ed spr\u00e1vn\u00e9 lidi a prod\u00e1vaj\u00ed p\u0159irozen\u011b.\" \/>\n<meta name=\"robots\" content=\"index, follow, max-snippet:-1, max-image-preview:large, max-video-preview:-1\" \/>\n<link rel=\"canonical\" href=\"https:\/\/www.petracetin.cz\/\" \/>\n<meta property=\"og:locale\" content=\"cs_CZ\" \/>\n<meta property=\"og:type\" content=\"article\" \/>\n<meta property=\"og:title\" content=\"- Petra \u00c7etin\" \/>\n<meta property=\"og:description\" content=\"Objev s\u00edlu storytellingu! Nau\u010d se vypr\u00e1v\u011bt p\u0159\u00edb\u011bhy, kter\u00e9 buduj\u00ed d\u016fv\u011bru, p\u0159itahuj\u00ed spr\u00e1vn\u00e9 lidi a prod\u00e1vaj\u00ed p\u0159irozen\u011b.\" \/>\n<meta property=\"og:url\" content=\"https:\/\/www.petracetin.cz\/\" \/>\n<meta property=\"og:site_name\" content=\"Petra \u00c7etin\" \/>\n<meta property=\"article:modified_time\" content=\"2025-03-16T01:30:37+00:00\" \/>\n<meta name=\"twitter:card\" content=\"summary_large_image\" \/>\n<meta name=\"twitter:label1\" content=\"Odhadovan\u00e1 doba \u010dten\u00ed\" \/>\n\t<meta name=\"twitter:data1\" content=\"2 minuty\" \/>\n<script type=\"application\/ld+json\" class=\"yoast-schema-graph\">{\"@context\":\"https:\/\/schema.org\",\"@graph\":[{\"@type\":\"WebPage\",\"@id\":\"https:\/\/www.petracetin.cz\/\",\"url\":\"https:\/\/www.petracetin.cz\/\",\"name\":\"- Petra \u00c7etin\",\"isPartOf\":{\"@id\":\"https:\/\/www.petracetin.cz\/#website\"},\"datePublished\":\"2025-03-15T22:55:13+00:00\",\"dateModified\":\"2025-03-16T01:30:37+00:00\",\"description\":\"Objev s\u00edlu storytellingu! Nau\u010d se vypr\u00e1v\u011bt p\u0159\u00edb\u011bhy, kter\u00e9 buduj\u00ed d\u016fv\u011bru, p\u0159itahuj\u00ed spr\u00e1vn\u00e9 lidi a prod\u00e1vaj\u00ed p\u0159irozen\u011b.\",\"inLanguage\":\"cs\",\"potentialAction\":[{\"@type\":\"ReadAction\",\"target\":[\"https:\/\/www.petracetin.cz\/\"]}]},{\"@type\":\"WebSite\",\"@id\":\"https:\/\/www.petracetin.cz\/#website\",\"url\":\"https:\/\/www.petracetin.cz\/\",\"name\":\"Petra \u00c7etin\",\"description\":\"\u0158ekni to p\u0159\u00edb\u011bhem\",\"potentialAction\":[{\"@type\":\"SearchAction\",\"target\":{\"@type\":\"EntryPoint\",\"urlTemplate\":\"https:\/\/www.petracetin.cz\/?s={search_term_string}\"},\"query-input\":{\"@type\":\"PropertyValueSpecification\",\"valueRequired\":true,\"valueName\":\"search_term_string\"}}],\"inLanguage\":\"cs\"}]}<\/script>\n<!-- \/ Yoast SEO plugin. -->","yoast_head_json":{"title":"- Petra \u00c7etin","description":"Objev s\u00edlu storytellingu! Nau\u010d se vypr\u00e1v\u011bt p\u0159\u00edb\u011bhy, kter\u00e9 buduj\u00ed d\u016fv\u011bru, p\u0159itahuj\u00ed spr\u00e1vn\u00e9 lidi a prod\u00e1vaj\u00ed p\u0159irozen\u011b.","robots":{"index":"index","follow":"follow","max-snippet":"max-snippet:-1","max-image-preview":"max-image-preview:large","max-video-preview":"max-video-preview:-1"},"canonical":"https:\/\/www.petracetin.cz\/","og_locale":"cs_CZ","og_type":"article","og_title":"- Petra \u00c7etin","og_description":"Objev s\u00edlu storytellingu! Nau\u010d se vypr\u00e1v\u011bt p\u0159\u00edb\u011bhy, kter\u00e9 buduj\u00ed d\u016fv\u011bru, p\u0159itahuj\u00ed spr\u00e1vn\u00e9 lidi a prod\u00e1vaj\u00ed p\u0159irozen\u011b.","og_url":"https:\/\/www.petracetin.cz\/","og_site_name":"Petra \u00c7etin","article_modified_time":"2025-03-16T01:30:37+00:00","twitter_card":"summary_large_image","twitter_misc":{"Odhadovan\u00e1 doba \u010dten\u00ed":"2 minuty"},"schema":{"@context":"https:\/\/schema.org","@graph":[{"@type":"WebPage","@id":"https:\/\/www.petracetin.cz\/","url":"https:\/\/www.petracetin.cz\/","name":"- Petra \u00c7etin","isPartOf":{"@id":"https:\/\/www.petracetin.cz\/#website"},"datePublished":"2025-03-15T22:55:13+00:00","dateModified":"2025-03-16T01:30:37+00:00","description":"Objev s\u00edlu storytellingu! Nau\u010d se vypr\u00e1v\u011bt p\u0159\u00edb\u011bhy, kter\u00e9 buduj\u00ed d\u016fv\u011bru, p\u0159itahuj\u00ed spr\u00e1vn\u00e9 lidi a prod\u00e1vaj\u00ed p\u0159irozen\u011b.","inLanguage":"cs","potentialAction":[{"@type":"ReadAction","target":["https:\/\/www.petracetin.cz\/"]}]},{"@type":"WebSite","@id":"https:\/\/www.petracetin.cz\/#website","url":"https:\/\/www.petracetin.cz\/","name":"Petra \u00c7etin","description":"\u0158ekni to p\u0159\u00edb\u011bhem","potentialAction":[{"@type":"SearchAction","target":{"@type":"EntryPoint","urlTemplate":"https:\/\/www.petracetin.cz\/?s={search_term_string}"},"query-input":{"@type":"PropertyValueSpecification","valueRequired":true,"valueName":"search_term_string"}}],"inLanguage":"cs"}]}},"_links":{"self":[{"href":"https:\/\/www.petracetin.cz\/index.php?rest_route=\/wp\/v2\/pages\/1302","targetHints":{"allow":["GET"]}}],"collection":[{"href":"https:\/\/www.petracetin.cz\/index.php?rest_route=\/wp\/v2\/pages"}],"about":[{"href":"https:\/\/www.petracetin.cz\/index.php?rest_route=\/wp\/v2\/types\/page"}],"author":[{"embeddable":true,"href":"https:\/\/www.petracetin.cz\/index.php?rest_route=\/wp\/v2\/users\/3"}],"replies":[{"embeddable":true,"href":"https:\/\/www.petracetin.cz\/index.php?rest_route=%2Fwp%2Fv2%2Fcomments&post=1302"}],"version-history":[{"count":24,"href":"https:\/\/www.petracetin.cz\/index.php?rest_route=\/wp\/v2\/pages\/1302\/revisions"}],"predecessor-version":[{"id":1343,"href":"https:\/\/www.petracetin.cz\/index.php?rest_route=\/wp\/v2\/pages\/1302\/revisions\/1343"}],"wp:attachment":[{"href":"https:\/\/www.petracetin.cz\/index.php?rest_route=%2Fwp%2Fv2%2Fmedia&parent=1302"}],"curies":[{"name":"wp","href":"https:\/\/api.w.org\/{rel}","templated":true}]}}